{"id":30952,"date":"2024-08-16T12:15:02","date_gmt":"2024-08-16T09:15:02","guid":{"rendered":"https:\/\/koch-umzugslogistik.de\/?page_id=30952"},"modified":"2026-02-13T15:49:30","modified_gmt":"2026-02-13T12:49:30","slug":"einladen-mit-koch-umzugslogistik-ihr-umzugsunternehmen-in-osnabrueck","status":"publish","type":"page","link":"https:\/\/koch-umzugslogistik.de\/en\/einladen-mit-koch-umzugslogistik-ihr-umzugsunternehmen-in-osnabrueck\/","title":{"rendered":"Loading with KOCH Umzugslogistik: Your removal company in Osnabr\u00fcck"},"content":{"rendered":"","protected":false},"excerpt":{"rendered":"","protected":false},"author":4,"featured_media":0,"parent":0,"menu_order":0,"comment_status":"closed","ping_status":"closed","template":"flexible-content.php","meta":{"_acf_changed":false,"footnotes":""},"class_list":["post-30952","page","type-page","status-publish","hentry"],"acf":[],"yoast_head":"<!-- This site is optimized with the Yoast SEO plugin v26.2 - https:\/\/yoast.com\/wordpress\/plugins\/seo\/ -->\n<title>Einladen mit KOCH Umzugslogistik: Ihr Umzugsunternehmen in Osnabr\u00fcck - Koch Umzugslogistik<\/title>\n<meta name=\"description\" content=\"Einladen und Verladen in Osnabr\u00fcck mit der Koch Umzugslogistik GmbH: Strukturierte Durchf\u00fchrung des Beladeprozesses vor Ort.\" \/>\n<meta name=\"robots\" content=\"index, follow, max-snippet:-1, max-image-preview:large, max-video-preview:-1\" \/>\n<link rel=\"canonical\" href=\"https:\/\/koch-umzugslogistik.de\/en\/einladen-mit-koch-umzugslogistik-ihr-umzugsunternehmen-in-osnabrueck\/\" \/>\n<meta property=\"og:locale\" content=\"en_GB\" \/>\n<meta property=\"og:type\" content=\"article\" \/>\n<meta property=\"og:title\" content=\"Einladen mit KOCH Umzugslogistik: Ihr Umzugsunternehmen in Osnabr\u00fcck - Koch Umzugslogistik\" \/>\n<meta property=\"og:description\" content=\"Einladen und Verladen in Osnabr\u00fcck mit der Koch Umzugslogistik GmbH: Strukturierte Durchf\u00fchrung des Beladeprozesses vor Ort.\" \/>\n<meta property=\"og:url\" content=\"https:\/\/koch-umzugslogistik.de\/en\/einladen-mit-koch-umzugslogistik-ihr-umzugsunternehmen-in-osnabrueck\/\" \/>\n<meta property=\"og:site_name\" content=\"Koch Umzugslogistik\" \/>\n<meta property=\"article:publisher\" content=\"https:\/\/www.facebook.com\/kochumzugslogistik\/\" \/>\n<meta property=\"article:modified_time\" content=\"2026-02-13T12:49:30+00:00\" \/>\n<meta name=\"twitter:card\" content=\"summary_large_image\" \/>\n<script type=\"application\/ld+json\" class=\"yoast-schema-graph\">{\"@context\":\"https:\/\/schema.org\",\"@graph\":[{\"@type\":\"WebPage\",\"@id\":\"https:\/\/koch-umzugslogistik.de\/einladen-mit-koch-umzugslogistik-ihr-umzugsunternehmen-in-osnabrueck\/\",\"url\":\"https:\/\/koch-umzugslogistik.de\/einladen-mit-koch-umzugslogistik-ihr-umzugsunternehmen-in-osnabrueck\/\",\"name\":\"Einladen mit KOCH Umzugslogistik: Ihr Umzugsunternehmen in Osnabr\u00fcck - Koch Umzugslogistik\",\"isPartOf\":{\"@id\":\"https:\/\/koch-umzugslogistik.de\/#website\"},\"datePublished\":\"2024-08-16T09:15:02+00:00\",\"dateModified\":\"2026-02-13T12:49:30+00:00\",\"description\":\"Einladen und Verladen in Osnabr\u00fcck mit der Koch Umzugslogistik GmbH: Strukturierte Durchf\u00fchrung des Beladeprozesses vor Ort.\",\"breadcrumb\":{\"@id\":\"https:\/\/koch-umzugslogistik.de\/einladen-mit-koch-umzugslogistik-ihr-umzugsunternehmen-in-osnabrueck\/#breadcrumb\"},\"inLanguage\":\"en-GB\",\"potentialAction\":[{\"@type\":\"ReadAction\",\"target\":[\"https:\/\/koch-umzugslogistik.de\/einladen-mit-koch-umzugslogistik-ihr-umzugsunternehmen-in-osnabrueck\/\"]}]},{\"@type\":\"BreadcrumbList\",\"@id\":\"https:\/\/koch-umzugslogistik.de\/einladen-mit-koch-umzugslogistik-ihr-umzugsunternehmen-in-osnabrueck\/#breadcrumb\",\"itemListElement\":[{\"@type\":\"ListItem\",\"position\":1,\"name\":\"Home\",\"item\":\"https:\/\/koch-umzugslogistik.de\/\"},{\"@type\":\"ListItem\",\"position\":2,\"name\":\"Einladen mit KOCH Umzugslogistik: Ihr Umzugsunternehmen in Osnabr\u00fcck\"}]},{\"@type\":\"WebSite\",\"@id\":\"https:\/\/koch-umzugslogistik.de\/#website\",\"url\":\"https:\/\/koch-umzugslogistik.de\/\",\"name\":\"Koch Umzugslogistik\",\"description\":\"\",\"publisher\":{\"@id\":\"https:\/\/koch-umzugslogistik.de\/#organization\"},\"potentialAction\":[{\"@type\":\"SearchAction\",\"target\":{\"@type\":\"EntryPoint\",\"urlTemplate\":\"https:\/\/koch-umzugslogistik.de\/?s={search_term_string}\"},\"query-input\":{\"@type\":\"PropertyValueSpecification\",\"valueRequired\":true,\"valueName\":\"search_term_string\"}}],\"inLanguage\":\"en-GB\"},{\"@type\":[\"Organization\",\"Place\",\"MovingCompany\"],\"@id\":\"https:\/\/koch-umzugslogistik.de\/#organization\",\"name\":\"HEINRICH KOCH INTERNATIONALE UMZUGS- UND ARCHIVLOGISTIK GMBH\",\"alternateName\":\"KOCH Umzugslogistik\",\"url\":\"https:\/\/koch-umzugslogistik.de\/\",\"logo\":{\"@id\":\"https:\/\/koch-umzugslogistik.de\/einladen-mit-koch-umzugslogistik-ihr-umzugsunternehmen-in-osnabrueck\/#local-main-organization-logo\"},\"image\":{\"@id\":\"https:\/\/koch-umzugslogistik.de\/einladen-mit-koch-umzugslogistik-ihr-umzugsunternehmen-in-osnabrueck\/#local-main-organization-logo\"},\"sameAs\":[\"https:\/\/www.facebook.com\/kochumzugslogistik\/\",\"https:\/\/www.instagram.com\/koch_umzugslogistik\/\",\"https:\/\/www.linkedin.com\/company\/heinrich-koch-internationale-umzugs-und-archivlogistik-gmbh\/\"],\"address\":{\"@id\":\"https:\/\/koch-umzugslogistik.de\/einladen-mit-koch-umzugslogistik-ihr-umzugsunternehmen-in-osnabrueck\/#local-main-place-address\"},\"telephone\":[\"+495411216850\",\"+4954112168521\"],\"contactPoint\":{\"@type\":\"ContactPoint\",\"telephone\":\"+495411216850\",\"email\":\"info@koch-umzugslogistik.de\"},\"openingHoursSpecification\":[{\"@type\":\"OpeningHoursSpecification\",\"dayOfWeek\":[\"Monday\",\"Tuesday\",\"Wednesday\",\"Thursday\",\"Friday\"],\"opens\":\"09:00\",\"closes\":\"17:00\"},{\"@type\":\"OpeningHoursSpecification\",\"dayOfWeek\":[\"Saturday\",\"Sunday\"],\"opens\":\"00:00\",\"closes\":\"00:00\"}],\"email\":\"info@koch-umzugslogistik.de\",\"faxNumber\":\"+4954112168839\",\"areaServed\":\"worldwide\",\"vatID\":\"DE813873060\",\"priceRange\":\"$$\",\"currenciesAccepted\":\"EUR\",\"paymentAccepted\":\"Bankaccount\"},{\"@type\":\"PostalAddress\",\"@id\":\"https:\/\/koch-umzugslogistik.de\/einladen-mit-koch-umzugslogistik-ihr-umzugsunternehmen-in-osnabrueck\/#local-main-place-address\",\"streetAddress\":\"Zum Attersee 9\",\"addressLocality\":\"Osnabr\u00fcck\",\"postalCode\":\"49076\",\"addressRegion\":\"Niedersachsen\",\"addressCountry\":\"DE\"},{\"@type\":\"ImageObject\",\"inLanguage\":\"en-GB\",\"@id\":\"https:\/\/koch-umzugslogistik.de\/einladen-mit-koch-umzugslogistik-ihr-umzugsunternehmen-in-osnabrueck\/#local-main-organization-logo\",\"url\":\"https:\/\/koch-umzugslogistik.de\/wp-content\/uploads\/2025\/03\/koch-scaled.jpg\",\"contentUrl\":\"https:\/\/koch-umzugslogistik.de\/wp-content\/uploads\/2025\/03\/koch-scaled.jpg\",\"width\":2560,\"height\":1673,\"caption\":\"HEINRICH KOCH INTERNATIONALE UMZUGS- UND ARCHIVLOGISTIK GMBH\"}]}<\/script>\n<meta name=\"geo.placename\" content=\"Osnabr\u00fcck\" \/>\n<meta name=\"geo.region\" content=\"Germany\" \/>\n<!-- \/ Yoast SEO plugin. -->","yoast_head_json":{"title":"Einladen mit KOCH Umzugslogistik: Ihr Umzugsunternehmen in Osnabr\u00fcck - Koch Umzugslogistik","description":"Einladen und Verladen in Osnabr\u00fcck mit der Koch Umzugslogistik GmbH: Strukturierte Durchf\u00fchrung des Beladeprozesses vor Ort.","robots":{"index":"index","follow":"follow","max-snippet":"max-snippet:-1","max-image-preview":"max-image-preview:large","max-video-preview":"max-video-preview:-1"},"canonical":"https:\/\/koch-umzugslogistik.de\/en\/einladen-mit-koch-umzugslogistik-ihr-umzugsunternehmen-in-osnabrueck\/","og_locale":"en_GB","og_type":"article","og_title":"Einladen mit KOCH Umzugslogistik: Ihr Umzugsunternehmen in Osnabr\u00fcck - Koch Umzugslogistik","og_description":"Einladen und Verladen in Osnabr\u00fcck mit der Koch Umzugslogistik GmbH: Strukturierte Durchf\u00fchrung des Beladeprozesses vor Ort.","og_url":"https:\/\/koch-umzugslogistik.de\/en\/einladen-mit-koch-umzugslogistik-ihr-umzugsunternehmen-in-osnabrueck\/","og_site_name":"Koch Umzugslogistik","article_publisher":"https:\/\/www.facebook.com\/kochumzugslogistik\/","article_modified_time":"2026-02-13T12:49:30+00:00","twitter_card":"summary_large_image","schema":{"@context":"https:\/\/schema.org","@graph":[{"@type":"WebPage","@id":"https:\/\/koch-umzugslogistik.de\/einladen-mit-koch-umzugslogistik-ihr-umzugsunternehmen-in-osnabrueck\/","url":"https:\/\/koch-umzugslogistik.de\/einladen-mit-koch-umzugslogistik-ihr-umzugsunternehmen-in-osnabrueck\/","name":"Einladen mit KOCH Umzugslogistik: Ihr Umzugsunternehmen in Osnabr\u00fcck - Koch Umzugslogistik","isPartOf":{"@id":"https:\/\/koch-umzugslogistik.de\/#website"},"datePublished":"2024-08-16T09:15:02+00:00","dateModified":"2026-02-13T12:49:30+00:00","description":"Einladen und Verladen in Osnabr\u00fcck mit der Koch Umzugslogistik GmbH: Strukturierte Durchf\u00fchrung des Beladeprozesses vor Ort.","breadcrumb":{"@id":"https:\/\/koch-umzugslogistik.de\/einladen-mit-koch-umzugslogistik-ihr-umzugsunternehmen-in-osnabrueck\/#breadcrumb"},"inLanguage":"en-GB","potentialAction":[{"@type":"ReadAction","target":["https:\/\/koch-umzugslogistik.de\/einladen-mit-koch-umzugslogistik-ihr-umzugsunternehmen-in-osnabrueck\/"]}]},{"@type":"BreadcrumbList","@id":"https:\/\/koch-umzugslogistik.de\/einladen-mit-koch-umzugslogistik-ihr-umzugsunternehmen-in-osnabrueck\/#breadcrumb","itemListElement":[{"@type":"ListItem","position":1,"name":"Home","item":"https:\/\/koch-umzugslogistik.de\/"},{"@type":"ListItem","position":2,"name":"Einladen mit KOCH Umzugslogistik: Ihr Umzugsunternehmen in Osnabr\u00fcck"}]},{"@type":"WebSite","@id":"https:\/\/koch-umzugslogistik.de\/#website","url":"https:\/\/koch-umzugslogistik.de\/","name":"Koch Moving &amp; Logistics","description":"","publisher":{"@id":"https:\/\/koch-umzugslogistik.de\/#organization"},"potentialAction":[{"@type":"SearchAction","target":{"@type":"EntryPoint","urlTemplate":"https:\/\/koch-umzugslogistik.de\/?s={search_term_string}"},"query-input":{"@type":"PropertyValueSpecification","valueRequired":true,"valueName":"search_term_string"}}],"inLanguage":"en-GB"},{"@type":["Organization","Place","MovingCompany"],"@id":"https:\/\/koch-umzugslogistik.de\/#organization","name":"HEINRICH KOCH INTERNATIONALE UMZUGS- UND ARCHIVLOGISTIK GMBH","alternateName":"KOCH Umzugslogistik","url":"https:\/\/koch-umzugslogistik.de\/","logo":{"@id":"https:\/\/koch-umzugslogistik.de\/einladen-mit-koch-umzugslogistik-ihr-umzugsunternehmen-in-osnabrueck\/#local-main-organization-logo"},"image":{"@id":"https:\/\/koch-umzugslogistik.de\/einladen-mit-koch-umzugslogistik-ihr-umzugsunternehmen-in-osnabrueck\/#local-main-organization-logo"},"sameAs":["https:\/\/www.facebook.com\/kochumzugslogistik\/","https:\/\/www.instagram.com\/koch_umzugslogistik\/","https:\/\/www.linkedin.com\/company\/heinrich-koch-internationale-umzugs-und-archivlogistik-gmbh\/"],"address":{"@id":"https:\/\/koch-umzugslogistik.de\/einladen-mit-koch-umzugslogistik-ihr-umzugsunternehmen-in-osnabrueck\/#local-main-place-address"},"telephone":["+495411216850","+4954112168521"],"contactPoint":{"@type":"ContactPoint","telephone":"+495411216850","email":"info@koch-umzugslogistik.de"},"openingHoursSpecification":[{"@type":"OpeningHoursSpecification","dayOfWeek":["Monday","Tuesday","Wednesday","Thursday","Friday"],"opens":"09:00","closes":"17:00"},{"@type":"OpeningHoursSpecification","dayOfWeek":["Saturday","Sunday"],"opens":"00:00","closes":"00:00"}],"email":"info@koch-umzugslogistik.de","faxNumber":"+4954112168839","areaServed":"worldwide","vatID":"DE813873060","priceRange":"$$","currenciesAccepted":"EUR","paymentAccepted":"Bankaccount"},{"@type":"PostalAddress","@id":"https:\/\/koch-umzugslogistik.de\/einladen-mit-koch-umzugslogistik-ihr-umzugsunternehmen-in-osnabrueck\/#local-main-place-address","streetAddress":"Zum Attersee 9","addressLocality":"Osnabr\u00fcck","postalCode":"49076","addressRegion":"Niedersachsen","addressCountry":"DE"},{"@type":"ImageObject","inLanguage":"en-GB","@id":"https:\/\/koch-umzugslogistik.de\/einladen-mit-koch-umzugslogistik-ihr-umzugsunternehmen-in-osnabrueck\/#local-main-organization-logo","url":"https:\/\/koch-umzugslogistik.de\/wp-content\/uploads\/2025\/03\/koch-scaled.jpg","contentUrl":"https:\/\/koch-umzugslogistik.de\/wp-content\/uploads\/2025\/03\/koch-scaled.jpg","width":2560,"height":1673,"caption":"HEINRICH KOCH INTERNATIONALE UMZUGS- UND ARCHIVLOGISTIK GMBH"}]},"geo.placename":"Osnabr\u00fcck","geo.region":"Germany"},"_links":{"self":[{"href":"https:\/\/koch-umzugslogistik.de\/en\/wp-json\/wp\/v2\/pages\/30952","targetHints":{"allow":["GET"]}}],"collection":[{"href":"https:\/\/koch-umzugslogistik.de\/en\/wp-json\/wp\/v2\/pages"}],"about":[{"href":"https:\/\/koch-umzugslogistik.de\/en\/wp-json\/wp\/v2\/types\/page"}],"author":[{"embeddable":true,"href":"https:\/\/koch-umzugslogistik.de\/en\/wp-json\/wp\/v2\/users\/4"}],"replies":[{"embeddable":true,"href":"https:\/\/koch-umzugslogistik.de\/en\/wp-json\/wp\/v2\/comments?post=30952"}],"version-history":[{"count":0,"href":"https:\/\/koch-umzugslogistik.de\/en\/wp-json\/wp\/v2\/pages\/30952\/revisions"}],"wp:attachment":[{"href":"https:\/\/koch-umzugslogistik.de\/en\/wp-json\/wp\/v2\/media?parent=30952"}],"curies":[{"name":"wp","href":"https:\/\/api.w.org\/{rel}","templated":true}]}}