{"id":33604,"date":"2025-07-28T11:02:34","date_gmt":"2025-07-28T08:02:34","guid":{"rendered":"https:\/\/koch-umzugslogistik.de\/?page_id=33604"},"modified":"2026-02-18T13:59:34","modified_gmt":"2026-02-18T10:59:34","slug":"transportversicherung","status":"publish","type":"page","link":"https:\/\/koch-umzugslogistik.de\/en\/umzug-osnabrueck\/transportversicherung\/","title":{"rendered":"Transport insurance for international removals"},"content":{"rendered":"<p data-start=\"0\" data-end=\"274\">An international move requires careful consideration of logistical, financial, and legal factors. Long-distance transport across national borders involves various risks to furniture, equipment, documents, and personal belongings.<\/p>\n<p data-start=\"276\" data-end=\"513\" data-is-last-node=\"\" data-is-only-node=\"\">In addition to handling the organizational aspects, KOCH Moving &amp; Logistics Ltd. also provides advice on suitable transport insurance. The goal is to ensure transparent coverage of your belongings during the international moves.<\/p>","protected":false},"excerpt":{"rendered":"<p>Ein internationaler Umzug erfordert die Ber\u00fccksichtigung logistischer, finanzieller und rechtlicher Rahmenbedingungen. Bei Transporten \u00fcber gro\u00dfe Distanzen und L\u00e4ndergrenzen hinweg bestehen unterschiedliche Risiken f\u00fcr M\u00f6bel, Ger\u00e4te, Dokumente und pers\u00f6nliche Gegenst\u00e4nde. Die Koch Umzugslogistik GmbH unterst\u00fctzt neben der organisatorischen Umsetzung auch mit Beratung zu geeigneten Transportversicherungen. Ziel ist eine transparente Absicherung des Umzugsguts im Rahmen des internationalen&#8230;<\/p>","protected":false},"author":4,"featured_media":0,"parent":32933,"menu_order":0,"comment_status":"closed","ping_status":"closed","template":"flexible-content.php","meta":{"_acf_changed":false,"footnotes":""},"class_list":["post-33604","page","type-page","status-publish","hentry"],"acf":[],"yoast_head":"<!-- This site is optimized with the Yoast SEO plugin v26.2 - https:\/\/yoast.com\/wordpress\/plugins\/seo\/ -->\n<title>Transportversicherung beim internationalen Umzug - Koch Umzugslogistik<\/title>\n<meta name=\"description\" content=\"Transportversicherung bei der Koch Umzugslogistik GmbH: Informationen zu Absicherungsoptionen, Leistungsumfang und Bedingungen f\u00fcr Umzugsg\u00fcter im Logistikprozess.\" \/>\n<meta name=\"robots\" content=\"index, follow, max-snippet:-1, max-image-preview:large, max-video-preview:-1\" \/>\n<link rel=\"canonical\" href=\"https:\/\/koch-umzugslogistik.de\/en\/umzug-osnabrueck\/transportversicherung\/\" \/>\n<meta property=\"og:locale\" content=\"en_GB\" \/>\n<meta property=\"og:type\" content=\"article\" \/>\n<meta property=\"og:title\" content=\"Transportversicherung beim internationalen Umzug - Koch Umzugslogistik\" \/>\n<meta property=\"og:description\" content=\"Transportversicherung bei der Koch Umzugslogistik GmbH: Informationen zu Absicherungsoptionen, Leistungsumfang und Bedingungen f\u00fcr Umzugsg\u00fcter im Logistikprozess.\" \/>\n<meta property=\"og:url\" content=\"https:\/\/koch-umzugslogistik.de\/en\/umzug-osnabrueck\/transportversicherung\/\" \/>\n<meta property=\"og:site_name\" content=\"Koch Umzugslogistik\" \/>\n<meta property=\"article:publisher\" content=\"https:\/\/www.facebook.com\/kochumzugslogistik\/\" \/>\n<meta property=\"article:modified_time\" content=\"2026-02-18T10:59:34+00:00\" \/>\n<meta name=\"twitter:card\" content=\"summary_large_image\" \/>\n<meta name=\"twitter:label1\" content=\"Estimated reading time\" \/>\n\t<meta name=\"twitter:data1\" content=\"1 minute\" \/>\n<script type=\"application\/ld+json\" class=\"yoast-schema-graph\">{\"@context\":\"https:\/\/schema.org\",\"@graph\":[{\"@type\":\"WebPage\",\"@id\":\"https:\/\/koch-umzugslogistik.de\/umzug-osnabrueck\/transportversicherung\/\",\"url\":\"https:\/\/koch-umzugslogistik.de\/umzug-osnabrueck\/transportversicherung\/\",\"name\":\"Transportversicherung beim internationalen Umzug - Koch Umzugslogistik\",\"isPartOf\":{\"@id\":\"https:\/\/koch-umzugslogistik.de\/#website\"},\"datePublished\":\"2025-07-28T08:02:34+00:00\",\"dateModified\":\"2026-02-18T10:59:34+00:00\",\"description\":\"Transportversicherung bei der Koch Umzugslogistik GmbH: Informationen zu Absicherungsoptionen, Leistungsumfang und Bedingungen f\u00fcr Umzugsg\u00fcter im Logistikprozess.\",\"breadcrumb\":{\"@id\":\"https:\/\/koch-umzugslogistik.de\/umzug-osnabrueck\/transportversicherung\/#breadcrumb\"},\"inLanguage\":\"en-GB\",\"potentialAction\":[{\"@type\":\"ReadAction\",\"target\":[\"https:\/\/koch-umzugslogistik.de\/umzug-osnabrueck\/transportversicherung\/\"]}]},{\"@type\":\"BreadcrumbList\",\"@id\":\"https:\/\/koch-umzugslogistik.de\/umzug-osnabrueck\/transportversicherung\/#breadcrumb\",\"itemListElement\":[{\"@type\":\"ListItem\",\"position\":1,\"name\":\"Home\",\"item\":\"https:\/\/koch-umzugslogistik.de\/\"},{\"@type\":\"ListItem\",\"position\":2,\"name\":\"Umzug Osnabr\u00fcck mit Profis \u2013 Stressfrei ausziehen mit Koch Umzugslogistik\",\"item\":\"https:\/\/koch-umzugslogistik.de\/umzug-osnabrueck\/\"},{\"@type\":\"ListItem\",\"position\":3,\"name\":\"Transportversicherung beim internationalen Umzug\"}]},{\"@type\":\"WebSite\",\"@id\":\"https:\/\/koch-umzugslogistik.de\/#website\",\"url\":\"https:\/\/koch-umzugslogistik.de\/\",\"name\":\"Koch Umzugslogistik\",\"description\":\"\",\"publisher\":{\"@id\":\"https:\/\/koch-umzugslogistik.de\/#organization\"},\"potentialAction\":[{\"@type\":\"SearchAction\",\"target\":{\"@type\":\"EntryPoint\",\"urlTemplate\":\"https:\/\/koch-umzugslogistik.de\/?s={search_term_string}\"},\"query-input\":{\"@type\":\"PropertyValueSpecification\",\"valueRequired\":true,\"valueName\":\"search_term_string\"}}],\"inLanguage\":\"en-GB\"},{\"@type\":[\"Organization\",\"Place\",\"MovingCompany\"],\"@id\":\"https:\/\/koch-umzugslogistik.de\/#organization\",\"name\":\"HEINRICH KOCH INTERNATIONALE UMZUGS- UND ARCHIVLOGISTIK GMBH\",\"alternateName\":\"KOCH Umzugslogistik\",\"url\":\"https:\/\/koch-umzugslogistik.de\/\",\"logo\":{\"@id\":\"https:\/\/koch-umzugslogistik.de\/umzug-osnabrueck\/transportversicherung\/#local-main-organization-logo\"},\"image\":{\"@id\":\"https:\/\/koch-umzugslogistik.de\/umzug-osnabrueck\/transportversicherung\/#local-main-organization-logo\"},\"sameAs\":[\"https:\/\/www.facebook.com\/kochumzugslogistik\/\",\"https:\/\/www.instagram.com\/koch_umzugslogistik\/\",\"https:\/\/www.linkedin.com\/company\/heinrich-koch-internationale-umzugs-und-archivlogistik-gmbh\/\"],\"address\":{\"@id\":\"https:\/\/koch-umzugslogistik.de\/umzug-osnabrueck\/transportversicherung\/#local-main-place-address\"},\"telephone\":[\"+495411216850\",\"+4954112168521\"],\"contactPoint\":{\"@type\":\"ContactPoint\",\"telephone\":\"+495411216850\",\"email\":\"info@koch-umzugslogistik.de\"},\"openingHoursSpecification\":[{\"@type\":\"OpeningHoursSpecification\",\"dayOfWeek\":[\"Monday\",\"Tuesday\",\"Wednesday\",\"Thursday\",\"Friday\"],\"opens\":\"09:00\",\"closes\":\"17:00\"},{\"@type\":\"OpeningHoursSpecification\",\"dayOfWeek\":[\"Saturday\",\"Sunday\"],\"opens\":\"00:00\",\"closes\":\"00:00\"}],\"email\":\"info@koch-umzugslogistik.de\",\"faxNumber\":\"+4954112168839\",\"areaServed\":\"worldwide\",\"vatID\":\"DE813873060\",\"priceRange\":\"$$\",\"currenciesAccepted\":\"EUR\",\"paymentAccepted\":\"Bankaccount\"},{\"@type\":\"PostalAddress\",\"@id\":\"https:\/\/koch-umzugslogistik.de\/umzug-osnabrueck\/transportversicherung\/#local-main-place-address\",\"streetAddress\":\"Zum Attersee 9\",\"addressLocality\":\"Osnabr\u00fcck\",\"postalCode\":\"49076\",\"addressRegion\":\"Niedersachsen\",\"addressCountry\":\"DE\"},{\"@type\":\"ImageObject\",\"inLanguage\":\"en-GB\",\"@id\":\"https:\/\/koch-umzugslogistik.de\/umzug-osnabrueck\/transportversicherung\/#local-main-organization-logo\",\"url\":\"https:\/\/koch-umzugslogistik.de\/wp-content\/uploads\/2025\/03\/koch-scaled.jpg\",\"contentUrl\":\"https:\/\/koch-umzugslogistik.de\/wp-content\/uploads\/2025\/03\/koch-scaled.jpg\",\"width\":2560,\"height\":1673,\"caption\":\"HEINRICH KOCH INTERNATIONALE UMZUGS- UND ARCHIVLOGISTIK GMBH\"}]}<\/script>\n<meta name=\"geo.placename\" content=\"Osnabr\u00fcck\" \/>\n<meta name=\"geo.region\" content=\"Germany\" \/>\n<!-- \/ Yoast SEO plugin. -->","yoast_head_json":{"title":"Transportversicherung beim internationalen Umzug - Koch Umzugslogistik","description":"Transportversicherung bei der Koch Umzugslogistik GmbH: Informationen zu Absicherungsoptionen, Leistungsumfang und Bedingungen f\u00fcr Umzugsg\u00fcter im Logistikprozess.","robots":{"index":"index","follow":"follow","max-snippet":"max-snippet:-1","max-image-preview":"max-image-preview:large","max-video-preview":"max-video-preview:-1"},"canonical":"https:\/\/koch-umzugslogistik.de\/en\/umzug-osnabrueck\/transportversicherung\/","og_locale":"en_GB","og_type":"article","og_title":"Transportversicherung beim internationalen Umzug - Koch Umzugslogistik","og_description":"Transportversicherung bei der Koch Umzugslogistik GmbH: Informationen zu Absicherungsoptionen, Leistungsumfang und Bedingungen f\u00fcr Umzugsg\u00fcter im Logistikprozess.","og_url":"https:\/\/koch-umzugslogistik.de\/en\/umzug-osnabrueck\/transportversicherung\/","og_site_name":"Koch Umzugslogistik","article_publisher":"https:\/\/www.facebook.com\/kochumzugslogistik\/","article_modified_time":"2026-02-18T10:59:34+00:00","twitter_card":"summary_large_image","twitter_misc":{"Estimated reading time":"1 minute"},"schema":{"@context":"https:\/\/schema.org","@graph":[{"@type":"WebPage","@id":"https:\/\/koch-umzugslogistik.de\/umzug-osnabrueck\/transportversicherung\/","url":"https:\/\/koch-umzugslogistik.de\/umzug-osnabrueck\/transportversicherung\/","name":"Transportversicherung beim internationalen Umzug - Koch Umzugslogistik","isPartOf":{"@id":"https:\/\/koch-umzugslogistik.de\/#website"},"datePublished":"2025-07-28T08:02:34+00:00","dateModified":"2026-02-18T10:59:34+00:00","description":"Transportversicherung bei der Koch Umzugslogistik GmbH: Informationen zu Absicherungsoptionen, Leistungsumfang und Bedingungen f\u00fcr Umzugsg\u00fcter im Logistikprozess.","breadcrumb":{"@id":"https:\/\/koch-umzugslogistik.de\/umzug-osnabrueck\/transportversicherung\/#breadcrumb"},"inLanguage":"en-GB","potentialAction":[{"@type":"ReadAction","target":["https:\/\/koch-umzugslogistik.de\/umzug-osnabrueck\/transportversicherung\/"]}]},{"@type":"BreadcrumbList","@id":"https:\/\/koch-umzugslogistik.de\/umzug-osnabrueck\/transportversicherung\/#breadcrumb","itemListElement":[{"@type":"ListItem","position":1,"name":"Home","item":"https:\/\/koch-umzugslogistik.de\/"},{"@type":"ListItem","position":2,"name":"Umzug Osnabr\u00fcck mit Profis \u2013 Stressfrei ausziehen mit Koch Umzugslogistik","item":"https:\/\/koch-umzugslogistik.de\/umzug-osnabrueck\/"},{"@type":"ListItem","position":3,"name":"Transportversicherung beim internationalen Umzug"}]},{"@type":"WebSite","@id":"https:\/\/koch-umzugslogistik.de\/#website","url":"https:\/\/koch-umzugslogistik.de\/","name":"Koch Moving &amp; Logistics","description":"","publisher":{"@id":"https:\/\/koch-umzugslogistik.de\/#organization"},"potentialAction":[{"@type":"SearchAction","target":{"@type":"EntryPoint","urlTemplate":"https:\/\/koch-umzugslogistik.de\/?s={search_term_string}"},"query-input":{"@type":"PropertyValueSpecification","valueRequired":true,"valueName":"search_term_string"}}],"inLanguage":"en-GB"},{"@type":["Organization","Place","MovingCompany"],"@id":"https:\/\/koch-umzugslogistik.de\/#organization","name":"HEINRICH KOCH INTERNATIONALE UMZUGS- UND ARCHIVLOGISTIK GMBH","alternateName":"KOCH Umzugslogistik","url":"https:\/\/koch-umzugslogistik.de\/","logo":{"@id":"https:\/\/koch-umzugslogistik.de\/umzug-osnabrueck\/transportversicherung\/#local-main-organization-logo"},"image":{"@id":"https:\/\/koch-umzugslogistik.de\/umzug-osnabrueck\/transportversicherung\/#local-main-organization-logo"},"sameAs":["https:\/\/www.facebook.com\/kochumzugslogistik\/","https:\/\/www.instagram.com\/koch_umzugslogistik\/","https:\/\/www.linkedin.com\/company\/heinrich-koch-internationale-umzugs-und-archivlogistik-gmbh\/"],"address":{"@id":"https:\/\/koch-umzugslogistik.de\/umzug-osnabrueck\/transportversicherung\/#local-main-place-address"},"telephone":["+495411216850","+4954112168521"],"contactPoint":{"@type":"ContactPoint","telephone":"+495411216850","email":"info@koch-umzugslogistik.de"},"openingHoursSpecification":[{"@type":"OpeningHoursSpecification","dayOfWeek":["Monday","Tuesday","Wednesday","Thursday","Friday"],"opens":"09:00","closes":"17:00"},{"@type":"OpeningHoursSpecification","dayOfWeek":["Saturday","Sunday"],"opens":"00:00","closes":"00:00"}],"email":"info@koch-umzugslogistik.de","faxNumber":"+4954112168839","areaServed":"worldwide","vatID":"DE813873060","priceRange":"$$","currenciesAccepted":"EUR","paymentAccepted":"Bankaccount"},{"@type":"PostalAddress","@id":"https:\/\/koch-umzugslogistik.de\/umzug-osnabrueck\/transportversicherung\/#local-main-place-address","streetAddress":"Zum Attersee 9","addressLocality":"Osnabr\u00fcck","postalCode":"49076","addressRegion":"Niedersachsen","addressCountry":"DE"},{"@type":"ImageObject","inLanguage":"en-GB","@id":"https:\/\/koch-umzugslogistik.de\/umzug-osnabrueck\/transportversicherung\/#local-main-organization-logo","url":"https:\/\/koch-umzugslogistik.de\/wp-content\/uploads\/2025\/03\/koch-scaled.jpg","contentUrl":"https:\/\/koch-umzugslogistik.de\/wp-content\/uploads\/2025\/03\/koch-scaled.jpg","width":2560,"height":1673,"caption":"HEINRICH KOCH INTERNATIONALE UMZUGS- UND ARCHIVLOGISTIK GMBH"}]},"geo.placename":"Osnabr\u00fcck","geo.region":"Germany"},"_links":{"self":[{"href":"https:\/\/koch-umzugslogistik.de\/en\/wp-json\/wp\/v2\/pages\/33604","targetHints":{"allow":["GET"]}}],"collection":[{"href":"https:\/\/koch-umzugslogistik.de\/en\/wp-json\/wp\/v2\/pages"}],"about":[{"href":"https:\/\/koch-umzugslogistik.de\/en\/wp-json\/wp\/v2\/types\/page"}],"author":[{"embeddable":true,"href":"https:\/\/koch-umzugslogistik.de\/en\/wp-json\/wp\/v2\/users\/4"}],"replies":[{"embeddable":true,"href":"https:\/\/koch-umzugslogistik.de\/en\/wp-json\/wp\/v2\/comments?post=33604"}],"version-history":[{"count":0,"href":"https:\/\/koch-umzugslogistik.de\/en\/wp-json\/wp\/v2\/pages\/33604\/revisions"}],"up":[{"embeddable":true,"href":"https:\/\/koch-umzugslogistik.de\/en\/wp-json\/wp\/v2\/pages\/32933"}],"wp:attachment":[{"href":"https:\/\/koch-umzugslogistik.de\/en\/wp-json\/wp\/v2\/media?parent=33604"}],"curies":[{"name":"wp","href":"https:\/\/api.w.org\/{rel}","templated":true}]}}