{"id":36275,"date":"2026-04-15T09:49:16","date_gmt":"2026-04-15T06:49:16","guid":{"rendered":"https:\/\/koch-umzugslogistik.de\/?page_id=36275"},"modified":"2026-04-15T10:25:42","modified_gmt":"2026-04-15T07:25:42","slug":"die-10-haeufigsten-umzugsfehler-und-wie-sie-sie-vermeiden","status":"publish","type":"page","link":"https:\/\/koch-umzugslogistik.de\/en\/die-10-haeufigsten-umzugsfehler-und-wie-sie-sie-vermeiden\/","title":{"rendered":"The 10 most common mistakes when moving house \u2013 and how to avoid them"},"content":{"rendered":"<p>Ein Umzug erfordert eine strukturierte Planung und die Ber\u00fccksichtigung logistischer Details. Die Koch Umzugslogistik GmbH kennt aus der Praxis typische Herausforderungen, die bei Umz\u00fcgen regelm\u00e4\u00dfig auftreten k\u00f6nnen.<\/p>\n<p>The following points highlight common mistakes people make when moving \u2013 and how to avoid them.<\/p>","protected":false},"excerpt":{"rendered":"<p>Ein Umzug erfordert eine strukturierte Planung und die Ber\u00fccksichtigung logistischer Details. Die Koch Umzugslogistik GmbH kennt aus der Praxis typische Herausforderungen, die bei Umz\u00fcgen regelm\u00e4\u00dfig auftreten k\u00f6nnen. Die folgenden Punkte zeigen h\u00e4ufige Umzugsfehler \u2013 und wie sie sich vermeiden lassen.<\/p>","protected":false},"author":5,"featured_media":0,"parent":0,"menu_order":0,"comment_status":"closed","ping_status":"closed","template":"flexible-content.php","meta":{"_acf_changed":false,"footnotes":""},"class_list":["post-36275","page","type-page","status-publish","hentry"],"acf":[],"yoast_head":"<!-- This site is optimized with the Yoast SEO plugin v26.2 - https:\/\/yoast.com\/wordpress\/plugins\/seo\/ -->\n<title>Die 10 h\u00e4ufigsten Umzugsfehler \u2013 und wie Sie sie vermeiden - Koch Umzugslogistik<\/title>\n<meta name=\"robots\" content=\"index, follow, max-snippet:-1, max-image-preview:large, max-video-preview:-1\" \/>\n<link rel=\"canonical\" href=\"https:\/\/koch-umzugslogistik.de\/en\/die-10-haeufigsten-umzugsfehler-und-wie-sie-sie-vermeiden\/\" \/>\n<meta property=\"og:locale\" content=\"en_GB\" \/>\n<meta property=\"og:type\" content=\"article\" \/>\n<meta property=\"og:title\" content=\"Die 10 h\u00e4ufigsten Umzugsfehler \u2013 und wie Sie sie vermeiden - Koch Umzugslogistik\" \/>\n<meta property=\"og:description\" content=\"Ein Umzug erfordert eine strukturierte Planung und die Ber\u00fccksichtigung logistischer Details. Die Koch Umzugslogistik GmbH kennt aus der Praxis typische Herausforderungen, die bei Umz\u00fcgen regelm\u00e4\u00dfig auftreten k\u00f6nnen. Die folgenden Punkte zeigen h\u00e4ufige Umzugsfehler \u2013 und wie sie sich vermeiden lassen.\" \/>\n<meta property=\"og:url\" content=\"https:\/\/koch-umzugslogistik.de\/en\/die-10-haeufigsten-umzugsfehler-und-wie-sie-sie-vermeiden\/\" \/>\n<meta property=\"og:site_name\" content=\"Koch Umzugslogistik\" \/>\n<meta property=\"article:publisher\" content=\"https:\/\/www.facebook.com\/kochumzugslogistik\/\" \/>\n<meta property=\"article:modified_time\" content=\"2026-04-15T07:25:42+00:00\" \/>\n<meta name=\"twitter:card\" content=\"summary_large_image\" \/>\n<meta name=\"twitter:label1\" content=\"Estimated reading time\" \/>\n\t<meta name=\"twitter:data1\" content=\"1 minute\" \/>\n<script type=\"application\/ld+json\" class=\"yoast-schema-graph\">{\"@context\":\"https:\/\/schema.org\",\"@graph\":[{\"@type\":\"WebPage\",\"@id\":\"https:\/\/koch-umzugslogistik.de\/die-10-haeufigsten-umzugsfehler-und-wie-sie-sie-vermeiden\/\",\"url\":\"https:\/\/koch-umzugslogistik.de\/die-10-haeufigsten-umzugsfehler-und-wie-sie-sie-vermeiden\/\",\"name\":\"Die 10 h\u00e4ufigsten Umzugsfehler \u2013 und wie Sie sie vermeiden - Koch Umzugslogistik\",\"isPartOf\":{\"@id\":\"https:\/\/koch-umzugslogistik.de\/#website\"},\"datePublished\":\"2026-04-15T06:49:16+00:00\",\"dateModified\":\"2026-04-15T07:25:42+00:00\",\"breadcrumb\":{\"@id\":\"https:\/\/koch-umzugslogistik.de\/die-10-haeufigsten-umzugsfehler-und-wie-sie-sie-vermeiden\/#breadcrumb\"},\"inLanguage\":\"en-GB\",\"potentialAction\":[{\"@type\":\"ReadAction\",\"target\":[\"https:\/\/koch-umzugslogistik.de\/die-10-haeufigsten-umzugsfehler-und-wie-sie-sie-vermeiden\/\"]}]},{\"@type\":\"BreadcrumbList\",\"@id\":\"https:\/\/koch-umzugslogistik.de\/die-10-haeufigsten-umzugsfehler-und-wie-sie-sie-vermeiden\/#breadcrumb\",\"itemListElement\":[{\"@type\":\"ListItem\",\"position\":1,\"name\":\"Home\",\"item\":\"https:\/\/koch-umzugslogistik.de\/\"},{\"@type\":\"ListItem\",\"position\":2,\"name\":\"Die 10 h\u00e4ufigsten Umzugsfehler \u2013 und wie Sie sie vermeiden\"}]},{\"@type\":\"WebSite\",\"@id\":\"https:\/\/koch-umzugslogistik.de\/#website\",\"url\":\"https:\/\/koch-umzugslogistik.de\/\",\"name\":\"Koch Umzugslogistik\",\"description\":\"\",\"publisher\":{\"@id\":\"https:\/\/koch-umzugslogistik.de\/#organization\"},\"potentialAction\":[{\"@type\":\"SearchAction\",\"target\":{\"@type\":\"EntryPoint\",\"urlTemplate\":\"https:\/\/koch-umzugslogistik.de\/?s={search_term_string}\"},\"query-input\":{\"@type\":\"PropertyValueSpecification\",\"valueRequired\":true,\"valueName\":\"search_term_string\"}}],\"inLanguage\":\"en-GB\"},{\"@type\":[\"Organization\",\"Place\",\"MovingCompany\"],\"@id\":\"https:\/\/koch-umzugslogistik.de\/#organization\",\"name\":\"HEINRICH KOCH INTERNATIONALE UMZUGS- UND ARCHIVLOGISTIK GMBH\",\"alternateName\":\"KOCH Umzugslogistik\",\"url\":\"https:\/\/koch-umzugslogistik.de\/\",\"logo\":{\"@id\":\"https:\/\/koch-umzugslogistik.de\/die-10-haeufigsten-umzugsfehler-und-wie-sie-sie-vermeiden\/#local-main-organization-logo\"},\"image\":{\"@id\":\"https:\/\/koch-umzugslogistik.de\/die-10-haeufigsten-umzugsfehler-und-wie-sie-sie-vermeiden\/#local-main-organization-logo\"},\"sameAs\":[\"https:\/\/www.facebook.com\/kochumzugslogistik\/\",\"https:\/\/www.instagram.com\/koch_umzugslogistik\/\",\"https:\/\/www.linkedin.com\/company\/heinrich-koch-internationale-umzugs-und-archivlogistik-gmbh\/\"],\"address\":{\"@id\":\"https:\/\/koch-umzugslogistik.de\/die-10-haeufigsten-umzugsfehler-und-wie-sie-sie-vermeiden\/#local-main-place-address\"},\"telephone\":[\"+495411216850\",\"+4954112168521\"],\"contactPoint\":{\"@type\":\"ContactPoint\",\"telephone\":\"+495411216850\",\"email\":\"info@koch-umzugslogistik.de\"},\"openingHoursSpecification\":[{\"@type\":\"OpeningHoursSpecification\",\"dayOfWeek\":[\"Monday\",\"Tuesday\",\"Wednesday\",\"Thursday\",\"Friday\"],\"opens\":\"09:00\",\"closes\":\"17:00\"},{\"@type\":\"OpeningHoursSpecification\",\"dayOfWeek\":[\"Saturday\",\"Sunday\"],\"opens\":\"00:00\",\"closes\":\"00:00\"}],\"email\":\"info@koch-umzugslogistik.de\",\"faxNumber\":\"+4954112168839\",\"areaServed\":\"worldwide\",\"vatID\":\"DE813873060\",\"priceRange\":\"$$\",\"currenciesAccepted\":\"EUR\",\"paymentAccepted\":\"Bankaccount\"},{\"@type\":\"PostalAddress\",\"@id\":\"https:\/\/koch-umzugslogistik.de\/die-10-haeufigsten-umzugsfehler-und-wie-sie-sie-vermeiden\/#local-main-place-address\",\"streetAddress\":\"Zum Attersee 9\",\"addressLocality\":\"Osnabr\u00fcck\",\"postalCode\":\"49076\",\"addressRegion\":\"Niedersachsen\",\"addressCountry\":\"DE\"},{\"@type\":\"ImageObject\",\"inLanguage\":\"en-GB\",\"@id\":\"https:\/\/koch-umzugslogistik.de\/die-10-haeufigsten-umzugsfehler-und-wie-sie-sie-vermeiden\/#local-main-organization-logo\",\"url\":\"https:\/\/koch-umzugslogistik.de\/wp-content\/uploads\/2025\/03\/koch-scaled.jpg\",\"contentUrl\":\"https:\/\/koch-umzugslogistik.de\/wp-content\/uploads\/2025\/03\/koch-scaled.jpg\",\"width\":2560,\"height\":1673,\"caption\":\"HEINRICH KOCH INTERNATIONALE UMZUGS- UND ARCHIVLOGISTIK GMBH\"}]}<\/script>\n<meta name=\"geo.placename\" content=\"Osnabr\u00fcck\" \/>\n<meta name=\"geo.region\" content=\"Germany\" \/>\n<!-- \/ Yoast SEO plugin. -->","yoast_head_json":{"title":"Die 10 h\u00e4ufigsten Umzugsfehler \u2013 und wie Sie sie vermeiden - Koch Umzugslogistik","robots":{"index":"index","follow":"follow","max-snippet":"max-snippet:-1","max-image-preview":"max-image-preview:large","max-video-preview":"max-video-preview:-1"},"canonical":"https:\/\/koch-umzugslogistik.de\/en\/die-10-haeufigsten-umzugsfehler-und-wie-sie-sie-vermeiden\/","og_locale":"en_GB","og_type":"article","og_title":"Die 10 h\u00e4ufigsten Umzugsfehler \u2013 und wie Sie sie vermeiden - Koch Umzugslogistik","og_description":"Ein Umzug erfordert eine strukturierte Planung und die Ber\u00fccksichtigung logistischer Details. Die Koch Umzugslogistik GmbH kennt aus der Praxis typische Herausforderungen, die bei Umz\u00fcgen regelm\u00e4\u00dfig auftreten k\u00f6nnen. Die folgenden Punkte zeigen h\u00e4ufige Umzugsfehler \u2013 und wie sie sich vermeiden lassen.","og_url":"https:\/\/koch-umzugslogistik.de\/en\/die-10-haeufigsten-umzugsfehler-und-wie-sie-sie-vermeiden\/","og_site_name":"Koch Umzugslogistik","article_publisher":"https:\/\/www.facebook.com\/kochumzugslogistik\/","article_modified_time":"2026-04-15T07:25:42+00:00","twitter_card":"summary_large_image","twitter_misc":{"Estimated reading time":"1 minute"},"schema":{"@context":"https:\/\/schema.org","@graph":[{"@type":"WebPage","@id":"https:\/\/koch-umzugslogistik.de\/die-10-haeufigsten-umzugsfehler-und-wie-sie-sie-vermeiden\/","url":"https:\/\/koch-umzugslogistik.de\/die-10-haeufigsten-umzugsfehler-und-wie-sie-sie-vermeiden\/","name":"Die 10 h\u00e4ufigsten Umzugsfehler \u2013 und wie Sie sie vermeiden - Koch Umzugslogistik","isPartOf":{"@id":"https:\/\/koch-umzugslogistik.de\/#website"},"datePublished":"2026-04-15T06:49:16+00:00","dateModified":"2026-04-15T07:25:42+00:00","breadcrumb":{"@id":"https:\/\/koch-umzugslogistik.de\/die-10-haeufigsten-umzugsfehler-und-wie-sie-sie-vermeiden\/#breadcrumb"},"inLanguage":"en-GB","potentialAction":[{"@type":"ReadAction","target":["https:\/\/koch-umzugslogistik.de\/die-10-haeufigsten-umzugsfehler-und-wie-sie-sie-vermeiden\/"]}]},{"@type":"BreadcrumbList","@id":"https:\/\/koch-umzugslogistik.de\/die-10-haeufigsten-umzugsfehler-und-wie-sie-sie-vermeiden\/#breadcrumb","itemListElement":[{"@type":"ListItem","position":1,"name":"Home","item":"https:\/\/koch-umzugslogistik.de\/"},{"@type":"ListItem","position":2,"name":"Die 10 h\u00e4ufigsten Umzugsfehler \u2013 und wie Sie sie vermeiden"}]},{"@type":"WebSite","@id":"https:\/\/koch-umzugslogistik.de\/#website","url":"https:\/\/koch-umzugslogistik.de\/","name":"Koch Moving &amp; Logistics","description":"","publisher":{"@id":"https:\/\/koch-umzugslogistik.de\/#organization"},"potentialAction":[{"@type":"SearchAction","target":{"@type":"EntryPoint","urlTemplate":"https:\/\/koch-umzugslogistik.de\/?s={search_term_string}"},"query-input":{"@type":"PropertyValueSpecification","valueRequired":true,"valueName":"search_term_string"}}],"inLanguage":"en-GB"},{"@type":["Organization","Place","MovingCompany"],"@id":"https:\/\/koch-umzugslogistik.de\/#organization","name":"HEINRICH KOCH INTERNATIONALE UMZUGS- UND ARCHIVLOGISTIK GMBH","alternateName":"KOCH Umzugslogistik","url":"https:\/\/koch-umzugslogistik.de\/","logo":{"@id":"https:\/\/koch-umzugslogistik.de\/die-10-haeufigsten-umzugsfehler-und-wie-sie-sie-vermeiden\/#local-main-organization-logo"},"image":{"@id":"https:\/\/koch-umzugslogistik.de\/die-10-haeufigsten-umzugsfehler-und-wie-sie-sie-vermeiden\/#local-main-organization-logo"},"sameAs":["https:\/\/www.facebook.com\/kochumzugslogistik\/","https:\/\/www.instagram.com\/koch_umzugslogistik\/","https:\/\/www.linkedin.com\/company\/heinrich-koch-internationale-umzugs-und-archivlogistik-gmbh\/"],"address":{"@id":"https:\/\/koch-umzugslogistik.de\/die-10-haeufigsten-umzugsfehler-und-wie-sie-sie-vermeiden\/#local-main-place-address"},"telephone":["+495411216850","+4954112168521"],"contactPoint":{"@type":"ContactPoint","telephone":"+495411216850","email":"info@koch-umzugslogistik.de"},"openingHoursSpecification":[{"@type":"OpeningHoursSpecification","dayOfWeek":["Monday","Tuesday","Wednesday","Thursday","Friday"],"opens":"09:00","closes":"17:00"},{"@type":"OpeningHoursSpecification","dayOfWeek":["Saturday","Sunday"],"opens":"00:00","closes":"00:00"}],"email":"info@koch-umzugslogistik.de","faxNumber":"+4954112168839","areaServed":"worldwide","vatID":"DE813873060","priceRange":"$$","currenciesAccepted":"EUR","paymentAccepted":"Bankaccount"},{"@type":"PostalAddress","@id":"https:\/\/koch-umzugslogistik.de\/die-10-haeufigsten-umzugsfehler-und-wie-sie-sie-vermeiden\/#local-main-place-address","streetAddress":"Zum Attersee 9","addressLocality":"Osnabr\u00fcck","postalCode":"49076","addressRegion":"Niedersachsen","addressCountry":"DE"},{"@type":"ImageObject","inLanguage":"en-GB","@id":"https:\/\/koch-umzugslogistik.de\/die-10-haeufigsten-umzugsfehler-und-wie-sie-sie-vermeiden\/#local-main-organization-logo","url":"https:\/\/koch-umzugslogistik.de\/wp-content\/uploads\/2025\/03\/koch-scaled.jpg","contentUrl":"https:\/\/koch-umzugslogistik.de\/wp-content\/uploads\/2025\/03\/koch-scaled.jpg","width":2560,"height":1673,"caption":"HEINRICH KOCH INTERNATIONALE UMZUGS- UND ARCHIVLOGISTIK GMBH"}]},"geo.placename":"Osnabr\u00fcck","geo.region":"Germany"},"_links":{"self":[{"href":"https:\/\/koch-umzugslogistik.de\/en\/wp-json\/wp\/v2\/pages\/36275","targetHints":{"allow":["GET"]}}],"collection":[{"href":"https:\/\/koch-umzugslogistik.de\/en\/wp-json\/wp\/v2\/pages"}],"about":[{"href":"https:\/\/koch-umzugslogistik.de\/en\/wp-json\/wp\/v2\/types\/page"}],"author":[{"embeddable":true,"href":"https:\/\/koch-umzugslogistik.de\/en\/wp-json\/wp\/v2\/users\/5"}],"replies":[{"embeddable":true,"href":"https:\/\/koch-umzugslogistik.de\/en\/wp-json\/wp\/v2\/comments?post=36275"}],"version-history":[{"count":1,"href":"https:\/\/koch-umzugslogistik.de\/en\/wp-json\/wp\/v2\/pages\/36275\/revisions"}],"predecessor-version":[{"id":36310,"href":"https:\/\/koch-umzugslogistik.de\/en\/wp-json\/wp\/v2\/pages\/36275\/revisions\/36310"}],"wp:attachment":[{"href":"https:\/\/koch-umzugslogistik.de\/en\/wp-json\/wp\/v2\/media?parent=36275"}],"curies":[{"name":"wp","href":"https:\/\/api.w.org\/{rel}","templated":true}]}}